{"id":794,"date":"2018-08-31T17:22:44","date_gmt":"2018-08-31T20:22:44","guid":{"rendered":"https:\/\/epavb-sfe.infd.edu.ar\/sitio\/autoridades\/"},"modified":"2026-02-09T14:31:31","modified_gmt":"2026-02-09T17:31:31","slug":"autoridades","status":"publish","type":"page","link":"https:\/\/epavb-sfe.infd.edu.ar\/sitio\/autoridades\/","title":{"rendered":"Autoridades"},"content":{"rendered":"\n<p><span style=\"font-family: verdana,geneva; font-size: 10pt;\"><strong>Direcci\u00f3n:\u00a0<\/strong>Sandra Storani<\/span><\/p>\n\n\n\n<p><span style=\"font-family: verdana,geneva; font-size: 10pt;\"><strong>Regencia:<\/strong>\u00a0Mg. Roxana Costa &#8211; Prof. Marta Siri<\/span><\/p>\n\n\n\n<p><span style=\"font-family: verdana,geneva; font-size: 10pt;\"><strong>Secretar\u00eda:&nbsp;<\/strong>Profesora <span style=\"font-family: verdana,geneva; font-size: 10pt;\">Julieta Prior <\/span><br><\/span><\/p>\n\n\n\n<p>&nbsp;<\/p>\n\n\n\n<p><strong><span style=\"font-family: verdana,geneva; font-size: 10pt;\"><span style=\"font-family: verdana,geneva; font-size: 10pt;\"><span style=\"font-family: verdana,geneva; font-size: 10pt;\">Pro Secretar\u00eda<\/span><\/span><\/span><\/strong><\/p>\n\n\n\n<p><span style=\"font-family: verdana,geneva; font-size: 10pt;\"><span style=\"font-family: verdana,geneva; font-size: 10pt;\"><span style=\"font-family: verdana,geneva; font-size: 10pt;\"><strong>Turno Ma\u00f1ana:<\/strong><span style=\"font-family: verdana,geneva; font-size: 10pt;\"><span style=\"font-family: verdana,geneva; font-size: 10pt;\"><span style=\"font-family: verdana,geneva; font-size: 10pt;\"> Prof. Mar\u00eda Sol Escalante <\/span><\/span><\/span>&#8211; Francisco Daveiga<\/span><\/span><\/span><\/p>\n\n\n\n<p><span style=\"font-family: verdana,geneva; font-size: 10pt;\"><span style=\"font-family: verdana,geneva; font-size: 10pt;\"><span style=\"font-family: verdana,geneva; font-size: 10pt;\"><strong>Turno Tarde:<\/strong> Gabriel Sendra<\/span><\/span> &#8211; Soledad Huerta<\/span><\/p>\n\n\n\n<p><span style=\"font-family: verdana,geneva; font-size: 10pt;\"><span style=\"font-family: verdana,geneva; font-size: 10pt;\"><span style=\"font-family: verdana,geneva; font-size: 10pt;\"><strong>Turno Noche:<\/strong> <span style=\"font-family: verdana,geneva; font-size: 10pt;\"><span style=\"font-family: verdana,geneva; font-size: 10pt;\"><span style=\"font-family: verdana,geneva; font-size: 10pt;\">Gabriel Sendra<\/span><\/span><\/span><\/span><\/span><\/span><\/p>\n\n\n\n<p>&nbsp;<\/p>\n\n\n\n<p><strong><span style=\"font-family: verdana,geneva; font-size: 10pt;\">Jefatura de \u00c1reas:<\/span><\/strong><\/p>\n\n\n\n<ul>\n<li><span style=\"font-family: verdana,geneva; font-size: 10pt;\"><strong>Artes:<\/strong> Silvia Tomas<\/span><\/li>\n\n\n\n<li><span style=\"font-family: verdana,geneva; font-size: 10pt;\"><strong>Dise\u00f1o:<\/strong>&nbsp;Profesora&nbsp;Mar\u00eda Cecilia Ribecco&nbsp;<\/span><\/li>\n\n\n\n<li><span style=\"font-family: verdana,geneva; font-size: 10pt;\"><strong>Formaci\u00f3n Pedag\u00f3gica:<\/strong>\u00a0Eliana Ripa<\/span><\/li>\n<\/ul>\n\n\n\n<p>&nbsp;<\/p>\n\n\n\n<p><span style=\"font-family: verdana,geneva; font-size: 10pt;\"><strong>Bibliotecarias:<\/strong>\u00a0Anabella\u00a0Bernardi &#8211; Viviana de los \u00c1ngeles Godoy<\/span><\/p>\n","protected":false},"excerpt":{"rendered":"<p>Direcci\u00f3n:\u00a0Sandra Storani Regencia:\u00a0Mg. Roxana Costa &#8211; Prof. Marta Siri Secretar\u00eda:&nbsp;Profesora Julieta Prior &nbsp; Pro Secretar\u00eda Turno Ma\u00f1ana: Prof. Mar\u00eda Sol Escalante &#8211; Francisco Daveiga Turno Tarde: Gabriel Sendra &#8211; Soledad Huerta Turno Noche: Gabriel Sendra &nbsp; Jefatura de \u00c1reas: &nbsp; Bibliotecarias:\u00a0Anabella\u00a0Bernardi &#8211; Viviana de los \u00c1ngeles Godoy<\/p>\n","protected":false},"author":1503,"featured_media":0,"parent":0,"menu_order":0,"comment_status":"closed","ping_status":"closed","template":"","meta":[],"acf":[],"_links":{"self":[{"href":"https:\/\/epavb-sfe.infd.edu.ar\/sitio\/wp-json\/wp\/v2\/pages\/794"}],"collection":[{"href":"https:\/\/epavb-sfe.infd.edu.ar\/sitio\/wp-json\/wp\/v2\/pages"}],"about":[{"href":"https:\/\/epavb-sfe.infd.edu.ar\/sitio\/wp-json\/wp\/v2\/types\/page"}],"author":[{"embeddable":true,"href":"https:\/\/epavb-sfe.infd.edu.ar\/sitio\/wp-json\/wp\/v2\/users\/1503"}],"replies":[{"embeddable":true,"href":"https:\/\/epavb-sfe.infd.edu.ar\/sitio\/wp-json\/wp\/v2\/comments?post=794"}],"version-history":[{"count":1,"href":"https:\/\/epavb-sfe.infd.edu.ar\/sitio\/wp-json\/wp\/v2\/pages\/794\/revisions"}],"predecessor-version":[{"id":840,"href":"https:\/\/epavb-sfe.infd.edu.ar\/sitio\/wp-json\/wp\/v2\/pages\/794\/revisions\/840"}],"wp:attachment":[{"href":"https:\/\/epavb-sfe.infd.edu.ar\/sitio\/wp-json\/wp\/v2\/media?parent=794"}],"curies":[{"name":"wp","href":"https:\/\/api.w.org\/{rel}","templated":true}]}}