{"id":820,"date":"2018-08-31T17:22:52","date_gmt":"2018-08-31T20:22:52","guid":{"rendered":"https:\/\/epavb-sfe.infd.edu.ar\/sitio\/competencia-del-titulo\/"},"modified":"2026-02-09T14:32:13","modified_gmt":"2026-02-09T17:32:13","slug":"competencia-del-titulo","status":"publish","type":"page","link":"https:\/\/epavb-sfe.infd.edu.ar\/sitio\/competencia-del-titulo\/","title":{"rendered":"Competencia del T\u00edtulo"},"content":{"rendered":"\n<h4 class=\"wp-block-heading\"><span style=\"font-family: verdana, geneva; font-size: 12pt;\">INCUMBENCIAS PROFESIONALES<\/span><\/h4>\n\n\n\n<p><span style=\"font-family: verdana, geneva; font-size: 12pt;\">T\u00edtulo:&nbsp;T\u00e9cnico en Dise\u00f1o Gr\u00e1fico y Comunicaci\u00f3n Visual (Plan Dcto. 340\/95).<\/span><\/p>\n\n\n\n<p><span style=\"font-family: verdana, geneva; font-size: 12pt;\">NIVEL E.G.B. (1o&nbsp;Y 2o&nbsp;CICLO):<\/span><\/p>\n\n\n\n<p><span style=\"font-family: verdana, geneva; font-size: 12pt;\">SUPLETORIO: Maestro de Dibujo; Maestro Especial de Dibujo; Artes Pl\u00e1sticas; Artesan\u00edas Aut\u00f3ctonas; Introducci\u00f3n a las Artes; Taller de Pl\u00e1stica en el Espacio; Taller de Pl\u00e1stica en el Plano y Color; Taller de Pl\u00e1stica.<\/span><\/p>\n\n\n\n<h5 class=\"wp-block-heading\"><span style=\"font-family: verdana, geneva; font-size: 12pt;\">ESCUELAS ESPECIALES&nbsp;Y CENTROS EDUCATIVOS RADIALES:<\/span><\/h5>\n\n\n\n<p><span style=\"font-family: verdana, geneva; font-size: 12pt;\">SUPLETORIO: Maestro de Dibujo; Maestro Especial de Dibujo; Artes Pl\u00e1sticas; Artesan\u00edas Aut\u00f3ctonas; Introducci\u00f3n a las Artes; Taller de Pl\u00e1stica en el Espacio; Taller de Pl\u00e1stica en el Plano y Color; Taller de Pl\u00e1stica.<\/span><\/p>\n\n\n\n<h5 class=\"wp-block-heading\"><span style=\"font-family: verdana, geneva; font-size: 12pt;\">TALLERES DE TRABAJO MANUAL:<\/span><\/h5>\n\n\n\n<p><span style=\"font-family: verdana, geneva; font-size: 12pt;\">SUPLETORIO: Maestro de Taller de Cer\u00e1mica; Artes Pl\u00e1sticas; Artesan\u00edas Aut\u00f3ctonas; Taller de Pl\u00e1stica en el Espacio; Taller de Pl\u00e1stica en el Plano y Color; Taller de Pl\u00e1stica.<\/span><\/p>\n\n\n\n<h5 class=\"wp-block-heading\"><span style=\"font-family: verdana, geneva; font-size: 12pt;\">ESCUELAS DE ENSE\u00d1ANZA MEDIA \u2013 ESCUELAS DE ENSE\u00d1ANZA MEDIA PARA ADULTOS:<\/span><\/h5>\n\n\n\n<p><span style=\"font-family: verdana, geneva; font-size: 12pt;\">SUPLETORIO: Actividades Pl\u00e1sticas y Manuales y su Did\u00e1ctica; An\u00e1lisis y Apreciaci\u00f3n; Artes Pl\u00e1sticas; Artesan\u00edas Aut\u00f3ctonas; Artesan\u00edas; Art\u00edstica (Pl\u00e1stica); Caligraf\u00eda y Dibujo Ornamental; Dibujo y Caligraf\u00eda; Dibujo; Dise\u00f1o Gr\u00e1fico; Educaci\u00f3n Est\u00e9tica y Pr\u00e1ctica (Pl\u00e1stica); Educaci\u00f3n Est\u00e9tica; Educaci\u00f3n Pl\u00e1stica \u2013 Dibujo; Educaci\u00f3n Pl\u00e1stica; Escultura; Est\u00e9tica; Grabado; Historia del Arte; Introducci\u00f3n a la Est\u00e9tica; Introducci\u00f3n a la Expresi\u00f3n Est\u00e9tica; Introducci\u00f3n a las Artes Pl\u00e1sticas; Introducci\u00f3n a las Artes; Modelado (Cer\u00e1mica); Molder\u00eda; Morfolog\u00eda; Pintura; Pl\u00e1stica; Proyecto de Servicio; Seminario; Talleres referidos a la especialidad.<\/span><\/p>\n\n\n\n<h5 class=\"wp-block-heading\"><span style=\"font-family: verdana, geneva; font-size: 12pt;\">ESCUELAS DE EDUCACION T\u00c9CNICA (NIVEL SECUNDARIO):<\/span><\/h5>\n\n\n\n<p><span style=\"font-family: verdana, geneva; font-size: 12pt;\">SUPLETORIO: Artes Pl\u00e1sticas; Artes- Visuales (Dibujo, Pintura, Fotograf\u00eda, Cinemato\u00adgraf\u00eda, etc.); Artesan\u00edas Aut\u00f3ctonas; Art\u00edstica (Pl\u00e1stica); Caligraf\u00eda y Dibujo Ornamental; Caligraf\u00eda y Dibujo; Cer\u00e1mica y Pintura; Decoraci\u00f3n (Cer\u00e1mica); Dibujo Publicitario; Dibujo; Dise\u00f1o, Dibujo y Pl\u00e1stica; Dise\u00f1o; Educaci\u00f3n Pl\u00e1stica; Educaci\u00f3n Pr\u00e1ctica (Caligraf\u00eda); Educaci\u00f3n Pr\u00e1ctica (Diagramaci\u00f3n y Dibujo); Educaci\u00f3n Pr\u00e1ctica (Dibujo Aplicado); Educaci\u00f3n Pr\u00e1ctica (Dibujo); Educaci\u00f3n Pr\u00e1ctica (Letras); Elementos de Dise\u00f1o; Escultura; Expresi\u00f3n Creadora (Educaci\u00f3n Pl\u00e1stica); Expresi\u00f3n Pl\u00e1stico Manual; Grabado; Historia del Arte, Introducci\u00f3n. a las Artes Pl\u00e1sticas; Introducci\u00f3n a las Artes; Modelado (Cer\u00e1mica); Molder\u00eda; Morfolog\u00eda; Pintura; Pl\u00e1stica; Taller de la Imagen; Taller de Pl\u00e1stica en el Espacio; Taller de Pl\u00e1stica en el Plano y Color; Taller de Pl\u00e1stica; Taller Optativo (Cer\u00e1mica).<\/span><\/p>\n\n\n\n<h5 class=\"wp-block-heading\"><span style=\"font-family: verdana, geneva; font-size: 12pt;\">ESCUELAS DE ARTE (VISUALES \u2013 TEATRO \u2013 CINE \u2013 DANZAS):<\/span><\/h5>\n\n\n\n<p><span style=\"font-family: verdana, geneva; font-size: 12pt;\">SUPLETORIO: Maestro de Dibujo; Artes Pl\u00e1sticas; Artesan\u00edas Aut\u00f3ctonas; Art\u00edstica (Pl\u00e1stica); Cer\u00e1mica; Decoraci\u00f3n (Cer\u00e1mica); Dibujo Geom\u00e9trico; Dibujo y Grabado; Dibujo; Documentaci\u00f3n Gr\u00e1fica y An\u00e1lisis Morfol\u00f3gico; Escultura; Grabado; Historia del Arte; Introducci\u00f3n a las Artes Pl\u00e1sticas, Introducci\u00f3n a las Artes; Modelado (Cer\u00e1mica); Molder\u00eda; Morfolog\u00eda; Pintura; Sintaxis de las Artes Visuales; Taller de Pl\u00e1stica; Taller de Pl\u00e1stica en el Espacio; Taller de Pl\u00e1stica en el Plano y Color.<\/span><\/p>\n\n\n\n<h5 class=\"wp-block-heading\"><span style=\"font-family: verdana, geneva; font-size: 12pt;\">CENTROS DE CAPACITACION LABORAL (CECLA), EDUCACION TECNICA (CURSOS DE CAPACITACION) Y EDUCACION NO FORMAL:<\/span><\/h5>\n\n\n\n<p><span style=\"font-family: verdana, geneva; font-size: 12pt;\">SUPLETORIO: Artes Pl\u00e1sticas; Artesan\u00edas Aut\u00f3ctonas; Composici\u00f3n; Cultura Visual; Dibujo Aplicado y Composici\u00f3n; Dibujo Aplicado; Dibujo Publicitario; Dibujo y Composici\u00f3n Aplicados; Dibujo y Composici\u00f3n; Dibujo y Proyectos; Dibujo; Dise\u00f1o Gr\u00e1fico; Dise\u00f1o; Historia de! Arte; Introducci\u00f3n a la Historia del Arte; Introducci\u00f3n a las Artes Pl\u00e1sticas; Introducci\u00f3n a las Artes; Modelado (Cer\u00e1mica); Molder\u00eda; Morfolog\u00eda; Pintura; Taller de Diagramaci\u00f3n; Taller de la Especialidad: Cer\u00e1mica; Taller de Pl\u00e1stica en el Espacio; Taller de Pl\u00e1stica en el Plano y Color.<\/span><\/p>\n","protected":false},"excerpt":{"rendered":"<p>INCUMBENCIAS PROFESIONALES T\u00edtulo:&nbsp;T\u00e9cnico en Dise\u00f1o Gr\u00e1fico y Comunicaci\u00f3n Visual (Plan Dcto. 340\/95). NIVEL E.G.B. (1o&nbsp;Y 2o&nbsp;CICLO): SUPLETORIO: Maestro de Dibujo; Maestro Especial de Dibujo; Artes Pl\u00e1sticas; Artesan\u00edas Aut\u00f3ctonas; Introducci\u00f3n a las Artes; Taller de Pl\u00e1stica en el Espacio; Taller de Pl\u00e1stica en el Plano y Color; Taller de Pl\u00e1stica. ESCUELAS ESPECIALES&nbsp;Y CENTROS EDUCATIVOS RADIALES: SUPLETORIO: &#8230; <a title=\"Competencia del T\u00edtulo\" class=\"read-more\" href=\"https:\/\/epavb-sfe.infd.edu.ar\/sitio\/competencia-del-titulo\/\" aria-label=\"More on Competencia del T\u00edtulo\">[+]<\/a><\/p>\n","protected":false},"author":1503,"featured_media":0,"parent":0,"menu_order":0,"comment_status":"closed","ping_status":"closed","template":"","meta":[],"acf":[],"_links":{"self":[{"href":"https:\/\/epavb-sfe.infd.edu.ar\/sitio\/wp-json\/wp\/v2\/pages\/820"}],"collection":[{"href":"https:\/\/epavb-sfe.infd.edu.ar\/sitio\/wp-json\/wp\/v2\/pages"}],"about":[{"href":"https:\/\/epavb-sfe.infd.edu.ar\/sitio\/wp-json\/wp\/v2\/types\/page"}],"author":[{"embeddable":true,"href":"https:\/\/epavb-sfe.infd.edu.ar\/sitio\/wp-json\/wp\/v2\/users\/1503"}],"replies":[{"embeddable":true,"href":"https:\/\/epavb-sfe.infd.edu.ar\/sitio\/wp-json\/wp\/v2\/comments?post=820"}],"version-history":[{"count":1,"href":"https:\/\/epavb-sfe.infd.edu.ar\/sitio\/wp-json\/wp\/v2\/pages\/820\/revisions"}],"predecessor-version":[{"id":841,"href":"https:\/\/epavb-sfe.infd.edu.ar\/sitio\/wp-json\/wp\/v2\/pages\/820\/revisions\/841"}],"wp:attachment":[{"href":"https:\/\/epavb-sfe.infd.edu.ar\/sitio\/wp-json\/wp\/v2\/media?parent=820"}],"curies":[{"name":"wp","href":"https:\/\/api.w.org\/{rel}","templated":true}]}}